{"id":63,"date":"2024-07-21T08:09:35","date_gmt":"2024-07-21T06:09:35","guid":{"rendered":"https:\/\/simplicy.fr\/?page_id=63"},"modified":"2024-07-22T00:12:26","modified_gmt":"2024-07-21T22:12:26","slug":"home-sweet-home","status":"publish","type":"page","link":"https:\/\/simplicy.fr\/index.php\/home-sweet-home\/","title":{"rendered":"Accueil"},"content":{"rendered":"\n<div class=\"wp-block-group is-nowrap is-layout-flex wp-container-core-group-is-layout-ad2f72ca wp-block-group-is-layout-flex\">\n<figure class=\"wp-block-image size-thumbnail is-resized\"><img loading=\"lazy\" decoding=\"async\" width=\"150\" height=\"150\" src=\"https:\/\/simplicy.fr\/wp-content\/uploads\/2024\/07\/logo-150x150.png\" alt=\"\" class=\"wp-image-49\" style=\"aspect-ratio:1;object-fit:cover;width:80px\" srcset=\"https:\/\/simplicy.fr\/wp-content\/uploads\/2024\/07\/logo-150x150.png 150w, https:\/\/simplicy.fr\/wp-content\/uploads\/2024\/07\/logo.png 192w\" sizes=\"auto, (max-width: 150px) 100vw, 150px\" \/><\/figure>\n\n\n\n<h2 class=\"wp-block-heading wp-container-content-006212af\">R\u00e9cup\u00e9ration de donn\u00e9e<\/h2>\n<\/div>\n\n\n\n<p>Je fais de la r\u00e9cup\u00e9ration de donn\u00e9es depuis plus de 20 ans.<\/p>\n\n\n\n<p>Si vous avez besoin de mes services, vous pouvez me joindre.<\/p>\n\n\n\n<div class=\"wp-block-group is-nowrap is-layout-flex wp-container-core-group-is-layout-ad2f72ca wp-block-group-is-layout-flex\">\n<figure class=\"wp-block-image size-thumbnail is-resized\"><a href=\"https:\/\/simplicy.fr\/index.php\/derniers-articles\/\"><img loading=\"lazy\" decoding=\"async\" width=\"150\" height=\"150\" src=\"https:\/\/simplicy.fr\/wp-content\/uploads\/2024\/07\/logo-150x150.png\" alt=\"\" class=\"wp-image-49\" style=\"aspect-ratio:1;object-fit:cover;width:80px\" srcset=\"https:\/\/simplicy.fr\/wp-content\/uploads\/2024\/07\/logo-150x150.png 150w, https:\/\/simplicy.fr\/wp-content\/uploads\/2024\/07\/logo.png 192w\" sizes=\"auto, (max-width: 150px) 100vw, 150px\" \/><\/a><\/figure>\n\n\n\n<h2 class=\"wp-block-heading wp-container-content-006212af\">Mon blog<\/h2>\n<\/div>\n\n\n\n<p>Ici, vous trouverez une liste d&#8217;articles divers et vari\u00e9s sur le d\u00e9veloppement en Delphi.<\/p>\n\n\n\n<div class=\"wp-block-group is-nowrap is-layout-flex wp-container-core-group-is-layout-ad2f72ca wp-block-group-is-layout-flex\">\n<figure class=\"wp-block-image size-thumbnail is-resized\"><img loading=\"lazy\" decoding=\"async\" width=\"150\" height=\"150\" src=\"https:\/\/simplicy.fr\/wp-content\/uploads\/2024\/07\/logo-150x150.png\" alt=\"\" class=\"wp-image-49\" style=\"aspect-ratio:1;object-fit:cover;width:80px\" srcset=\"https:\/\/simplicy.fr\/wp-content\/uploads\/2024\/07\/logo-150x150.png 150w, https:\/\/simplicy.fr\/wp-content\/uploads\/2024\/07\/logo.png 192w\" sizes=\"auto, (max-width: 150px) 100vw, 150px\" \/><\/figure>\n\n\n\n<h2 class=\"wp-block-heading wp-container-content-006212af\">Mon Book ou CV en ligne<\/h2>\n<\/div>\n\n\n\n<p>Une petite pr\u00e9sentation d&#8217;un parcours atypique. <\/p>\n","protected":false},"excerpt":{"rendered":"<p>R\u00e9cup\u00e9ration de donn\u00e9e Je fais de la r\u00e9cup\u00e9ration de donn\u00e9es depuis plus de 20 ans. Si vous avez besoin de mes services, vous pouvez me joindre. Mon blog Ici, vous trouverez une liste d&#8217;articles divers et vari\u00e9s sur le d\u00e9veloppement en Delphi. Mon Book ou CV en ligne Une petite pr\u00e9sentation d&#8217;un parcours atypique.<\/p>\n","protected":false},"author":1,"featured_media":0,"parent":0,"menu_order":0,"comment_status":"closed","ping_status":"closed","template":"","meta":{"neve_meta_sidebar":"","neve_meta_container":"","neve_meta_enable_content_width":"","neve_meta_content_width":0,"neve_meta_title_alignment":"","neve_meta_author_avatar":"","neve_post_elements_order":"","neve_meta_disable_header":"","neve_meta_disable_footer":"","neve_meta_disable_title":"","footnotes":""},"class_list":["post-63","page","type-page","status-publish","hentry"],"_links":{"self":[{"href":"https:\/\/simplicy.fr\/index.php\/wp-json\/wp\/v2\/pages\/63","targetHints":{"allow":["GET"]}}],"collection":[{"href":"https:\/\/simplicy.fr\/index.php\/wp-json\/wp\/v2\/pages"}],"about":[{"href":"https:\/\/simplicy.fr\/index.php\/wp-json\/wp\/v2\/types\/page"}],"author":[{"embeddable":true,"href":"https:\/\/simplicy.fr\/index.php\/wp-json\/wp\/v2\/users\/1"}],"replies":[{"embeddable":true,"href":"https:\/\/simplicy.fr\/index.php\/wp-json\/wp\/v2\/comments?post=63"}],"version-history":[{"count":14,"href":"https:\/\/simplicy.fr\/index.php\/wp-json\/wp\/v2\/pages\/63\/revisions"}],"predecessor-version":[{"id":98,"href":"https:\/\/simplicy.fr\/index.php\/wp-json\/wp\/v2\/pages\/63\/revisions\/98"}],"wp:attachment":[{"href":"https:\/\/simplicy.fr\/index.php\/wp-json\/wp\/v2\/media?parent=63"}],"curies":[{"name":"wp","href":"https:\/\/api.w.org\/{rel}","templated":true}]}}